{"id":9874,"date":"2024-09-03T14:59:38","date_gmt":"2024-09-03T12:59:38","guid":{"rendered":"https:\/\/ak-centralen.dk\/about-us\/"},"modified":"2025-09-05T12:55:48","modified_gmt":"2025-09-05T10:55:48","slug":"about-us","status":"publish","type":"page","link":"https:\/\/ak-centralen.dk\/en\/about-us\/","title":{"rendered":"About us"},"content":{"rendered":"\t\t<div data-elementor-type=\"wp-page\" data-elementor-id=\"9874\" class=\"elementor elementor-9874 elementor-8943\" data-elementor-post-type=\"page\">\n\t\t\t\t<div class=\"elementor-element elementor-element-b741768 e-flex e-con-boxed e-con e-parent\" data-id=\"b741768\" data-element_type=\"container\" data-settings=\"{&quot;background_background&quot;:&quot;classic&quot;}\">\n\t\t\t\t\t<div class=\"e-con-inner\">\n\t\t\t\t<div class=\"elementor-element elementor-element-7919fc3 elementor-invisible elementor-widget elementor-widget-heading\" data-id=\"7919fc3\" data-element_type=\"widget\" data-settings=\"{&quot;_animation&quot;:&quot;zoomIn&quot;}\" data-widget_type=\"heading.default\">\n\t\t\t\t<div class=\"elementor-widget-container\">\n\t\t\t\t\t<h2 class=\"elementor-heading-title elementor-size-default\">Who is AK-CENTRALEN?<\/h2>\t\t\t\t<\/div>\n\t\t\t\t<\/div>\n\t\t\t\t\t<\/div>\n\t\t\t\t<\/div>\n\t\t<div class=\"elementor-element elementor-element-30498e42 e-flex e-con-boxed e-con e-parent\" data-id=\"30498e42\" data-element_type=\"container\" data-settings=\"{&quot;background_background&quot;:&quot;classic&quot;,&quot;background_motion_fx_motion_fx_scrolling&quot;:&quot;yes&quot;,&quot;background_motion_fx_translateY_effect&quot;:&quot;yes&quot;,&quot;background_motion_fx_translateY_speed&quot;:{&quot;unit&quot;:&quot;px&quot;,&quot;size&quot;:4,&quot;sizes&quot;:[]},&quot;background_motion_fx_translateY_affectedRange&quot;:{&quot;unit&quot;:&quot;%&quot;,&quot;size&quot;:&quot;&quot;,&quot;sizes&quot;:{&quot;start&quot;:0,&quot;end&quot;:100}},&quot;background_motion_fx_devices&quot;:[&quot;desktop&quot;,&quot;laptop&quot;,&quot;tablet&quot;,&quot;mobile&quot;]}\">\n\t\t\t\t\t<div class=\"e-con-inner\">\n\t\t<div class=\"elementor-element elementor-element-23a3711f e-con-full e-flex e-con e-child\" data-id=\"23a3711f\" data-element_type=\"container\">\n\t\t\t\t<div class=\"elementor-element elementor-element-be0a0aa elementor-widget elementor-widget-text-editor\" data-id=\"be0a0aa\" data-element_type=\"widget\" data-widget_type=\"text-editor.default\">\n\t\t\t\t<div class=\"elementor-widget-container\">\n\t\t\t\t\t\t\t\t\t<p>Since its founding in 1996, AK-Centralen has held the vision of ensuring that the grocery sector meets legal requirements for temperature quality\u2014while minimizing costs for service and energy for our customers.<\/p><p>Through our experience-based management model, we create added value for our customers&#8217; equipment and chosen processes. At AK-Centralen, we continuously enhance our human expertise and technology in our ambition to meet our customers&#8217; growing needs in an industry that demands quality improvements for complex processes.<\/p><p>Our specialised team of nearly 40 employees is dedicated to taking responsibility through intelligent decision-making and acting with integrity in every interaction.<\/p><p>Today, we are proud to monitor, optimize energy, and ensure quality for over 2,000 customers across Denmark, Sweden, the Faroe Islands, and Iceland.<\/p><p>Through our experience-based management model, we create added value for our customers \u201cequipment and chosen processes. At AK-Centralen, we continuously improve our human professionalism and technology in our ambition to meet our customers\u201d needs for growing demands in the industry for quality improvements of complex processes.<\/p><p>Our specialized team of nearly 40 employees is dedicated to taking responsibility through intelligent decisions and being trustworthy in all actions.<\/p><p>Today, we are proud to monitor, energy optimize and quality assure over 2000 customers in Denmark, Sweden, the Faroe Islands and Iceland.<\/p>\t\t\t\t\t\t\t\t<\/div>\n\t\t\t\t<\/div>\n\t\t\t\t<div class=\"elementor-element elementor-element-205d2b1 elementor-widget elementor-widget-text-editor\" data-id=\"205d2b1\" data-element_type=\"widget\" data-widget_type=\"text-editor.default\">\n\t\t\t\t<div class=\"elementor-widget-container\">\n\t\t\t\t\t\t\t\t\t<h3>Promises<\/h3>\t\t\t\t\t\t\t\t<\/div>\n\t\t\t\t<\/div>\n\t\t\t\t<div class=\"elementor-element elementor-element-3b506e5 white elementor-widget elementor-widget-text-editor\" data-id=\"3b506e5\" data-element_type=\"widget\" data-widget_type=\"text-editor.default\">\n\t\t\t\t<div class=\"elementor-widget-container\">\n\t\t\t\t\t\t\t\t\t<p style=\"text-align: center;\">We will <u>add value to<\/u> the customer&#8217;s investment and chosen processes<\/p>\t\t\t\t\t\t\t\t<\/div>\n\t\t\t\t<\/div>\n\t\t\t\t<div class=\"elementor-element elementor-element-42ffcd5 white elementor-widget elementor-widget-text-editor\" data-id=\"42ffcd5\" data-element_type=\"widget\" data-widget_type=\"text-editor.default\">\n\t\t\t\t<div class=\"elementor-widget-container\">\n\t\t\t\t\t\t\t\t\t<p style=\"text-align: center;\">We will take <u>responsibility<\/u> through smart decisions<\/p>\t\t\t\t\t\t\t\t<\/div>\n\t\t\t\t<\/div>\n\t\t\t\t<div class=\"elementor-element elementor-element-43ce1a4 white elementor-widget elementor-widget-text-editor\" data-id=\"43ce1a4\" data-element_type=\"widget\" data-widget_type=\"text-editor.default\">\n\t\t\t\t<div class=\"elementor-widget-container\">\n\t\t\t\t\t\t\t\t\t<p style=\"text-align: center;\">We will be <u>credible<\/u> in all our actions<\/p>\t\t\t\t\t\t\t\t<\/div>\n\t\t\t\t<\/div>\n\t\t\t\t<\/div>\n\t\t<div class=\"elementor-element elementor-element-2ad90f74 e-con-full e-flex e-con e-child\" data-id=\"2ad90f74\" data-element_type=\"container\">\n\t\t\t\t<div class=\"elementor-element elementor-element-21d86df elementor-widget elementor-widget-ucaddon_timeline_bullets\" data-id=\"21d86df\" data-element_type=\"widget\" data-widget_type=\"ucaddon_timeline_bullets.default\">\n\t\t\t\t<div class=\"elementor-widget-container\">\n\t\t\t\t\t\n<!-- start Timeline Bullets -->\n\t\t<link id='font-awesome-css' href='https:\/\/ak-centralen.dk\/wp-content\/plugins\/unlimited-elements-for-elementor-premium\/assets_libraries\/font-awesome6\/fontawesome-all.min.css' type='text\/css' rel='stylesheet' >\n\t\t<link id='font-awesome-4-shim-css' href='https:\/\/ak-centralen.dk\/wp-content\/plugins\/unlimited-elements-for-elementor-premium\/assets_libraries\/font-awesome6\/fontawesome-v4-shims.min.css' type='text\/css' rel='stylesheet' >\n\n<style>\/* widget: Timeline Bullets *\/\n\n\n\n#uc_timeline_bullets_elementor_21d86df .ue_item{\n  display:flex;\n  position:relative;\n}\n\n#uc_timeline_bullets_elementor_21d86df .ue_item_icon{ \n  display:flex;\n  align-items:center;\n  justify-content:center;\n  flex-grow:0;\n  flex-shrink:0;\n  line-height:1em;\n  overflow:hidden;\n}\n\n#uc_timeline_bullets_elementor_21d86df .ue_item_icon img{\n  object-fit: cover;\n}\n\n#uc_timeline_bullets_elementor_21d86df .ue_item_icon svg{ \n  height:1em;\n  width:1em;\n}\n\n#uc_timeline_bullets_elementor_21d86df .ue_item_spacer{\n  flex-grow:0;\n  flex-shrink:0;\n}\n\n#uc_timeline_bullets_elementor_21d86df .ue_item_hr_line{\n  flex-grow:0;\n  flex-shrink:0;\n}\n\n#uc_timeline_bullets_elementor_21d86df .ue_item_vr_line{\n  height:100%;\n  position:absolute;\n  flex-grow:0;\n  flex-shrink:0;\n}\n\n#uc_timeline_bullets_elementor_21d86df .ue_item_title, \n#uc_timeline_bullets_elementor_21d86df .ue_item_text,\n#uc_timeline_bullets_elementor_21d86df .ue_item_icon{\n  transition: all .3s ease-out;\n}\n\n.ue_item_title{\n  font-size:21px;\n}\n\n#uc_timeline_bullets_elementor_21d86df.uc-remote-parent .ue_item{\n  cursor:pointer;\n}\n\n<\/style>\n\n<div id=\"uc_timeline_bullets_elementor_21d86df\" class=\"uc-items-wrapper  \"  >\n <div class=\"ue_item elementor-repeater-item-18bd7cd\">\n    <div class=\"ue_item_vr_line\"><\/div>\n    <div class=\"ue_item_hr_line\"><\/div>\n    <div class=\"ue_item_icon\">\n      <i class='fas fa-camera'><\/i>                 <\/div>\n    <div class=\"ue_item_spacer\"><\/div>\n    <div class=\"ue_item_content\">\n      <div class=\"ue_item_title\">1996<\/div>      <div class=\"ue_item_text\">On July 1, 1996, founder Tom G\u00f8ttsch starts monitoring and optimizing the customers who are service customers of his construction company.  <\/div>    <\/div>\n  <\/div>\n<div class=\"ue_item elementor-repeater-item-0cc710c\">\n    <div class=\"ue_item_vr_line\"><\/div>\n    <div class=\"ue_item_hr_line\"><\/div>\n    <div class=\"ue_item_icon\">\n      <i class='fas fa-camera'><\/i>                 <\/div>\n    <div class=\"ue_item_spacer\"><\/div>\n    <div class=\"ue_item_content\">\n      <div class=\"ue_item_title\">2004<\/div>      <div class=\"ue_item_text\">AK-Centralen A\/S is established as a separate company with a weekly opening time of 90 hours per week.<\/div>    <\/div>\n  <\/div>\n<div class=\"ue_item elementor-repeater-item-a1f1e16\">\n    <div class=\"ue_item_vr_line\"><\/div>\n    <div class=\"ue_item_hr_line\"><\/div>\n    <div class=\"ue_item_icon\">\n      <i class='fas fa-camera'><\/i>                 <\/div>\n    <div class=\"ue_item_spacer\"><\/div>\n    <div class=\"ue_item_content\">\n      <div class=\"ue_item_title\">2005-2010<\/div>      <div class=\"ue_item_text\">AK-Centralen is continuously expanding so that on December 31, 2010 there were approximately 900 subscribers and 10 full-time operators. Opening hours were extended to approximately 120 hours per week. <\/div>    <\/div>\n  <\/div>\n<div class=\"ue_item elementor-repeater-item-8c1d07b\">\n    <div class=\"ue_item_vr_line\"><\/div>\n    <div class=\"ue_item_hr_line\"><\/div>\n    <div class=\"ue_item_icon\">\n      <i class='fas fa-camera'><\/i>                 <\/div>\n    <div class=\"ue_item_spacer\"><\/div>\n    <div class=\"ue_item_content\">\n      <div class=\"ue_item_title\">2013<\/div>      <div class=\"ue_item_text\">AK-Centralen extends opening hours to 24\/7<\/div>    <\/div>\n  <\/div>\n<div class=\"ue_item elementor-repeater-item-78f2605\">\n    <div class=\"ue_item_vr_line\"><\/div>\n    <div class=\"ue_item_hr_line\"><\/div>\n    <div class=\"ue_item_icon\">\n      <i class='fas fa-camera'><\/i>                 <\/div>\n    <div class=\"ue_item_spacer\"><\/div>\n    <div class=\"ue_item_content\">\n      <div class=\"ue_item_title\">2014<\/div>      <div class=\"ue_item_text\">Alarm handling from AK-Centralen AB in Sweden is started.<\/div>    <\/div>\n  <\/div>\n<div class=\"ue_item elementor-repeater-item-a382ef3\">\n    <div class=\"ue_item_vr_line\"><\/div>\n    <div class=\"ue_item_hr_line\"><\/div>\n    <div class=\"ue_item_icon\">\n      <i class='fas fa-camera'><\/i>                 <\/div>\n    <div class=\"ue_item_spacer\"><\/div>\n    <div class=\"ue_item_content\">\n      <div class=\"ue_item_title\">2015<\/div>      <div class=\"ue_item_text\">AK-Centralen creates a data department that facilitates the development of programs to further optimize our customers' equipment (Baseline).<\/div>    <\/div>\n  <\/div>\n<div class=\"ue_item elementor-repeater-item-4e9856c\">\n    <div class=\"ue_item_vr_line\"><\/div>\n    <div class=\"ue_item_hr_line\"><\/div>\n    <div class=\"ue_item_icon\">\n      <i class='fas fa-rocket'><\/i>                 <\/div>\n    <div class=\"ue_item_spacer\"><\/div>\n    <div class=\"ue_item_content\">\n      <div class=\"ue_item_title\">2017<\/div>      <div class=\"ue_item_text\">AK-Centralen completes first documented energy savings project - Saving 16.8 GWH.<\/div>    <\/div>\n  <\/div>\n<div class=\"ue_item elementor-repeater-item-75b0673\">\n    <div class=\"ue_item_vr_line\"><\/div>\n    <div class=\"ue_item_hr_line\"><\/div>\n    <div class=\"ue_item_icon\">\n      <i class='fas fa-rocket'><\/i>                 <\/div>\n    <div class=\"ue_item_spacer\"><\/div>\n    <div class=\"ue_item_content\">\n      <div class=\"ue_item_title\">2021<\/div>      <div class=\"ue_item_text\">AK-Centralen makes the first franchise agreement with a foreign operator.<\/div>    <\/div>\n  <\/div>\n<div class=\"ue_item elementor-repeater-item-3daa460\">\n    <div class=\"ue_item_vr_line\"><\/div>\n    <div class=\"ue_item_hr_line\"><\/div>\n    <div class=\"ue_item_icon\">\n      <i class='fas fa-rocket'><\/i>                 <\/div>\n    <div class=\"ue_item_spacer\"><\/div>\n    <div class=\"ue_item_content\">\n      <div class=\"ue_item_title\">2021<\/div>      <div class=\"ue_item_text\">AK-Centralen completes a generational change. Tom hands over the reins to his sons and the executive board now consists of: Rasmus G\u00f8ttsch (CEO), Morten G\u00f8ttsch (COO), Jakob G\u00f8ttsch (CFO). <\/div>    <\/div>\n  <\/div>\n<div class=\"ue_item elementor-repeater-item-6310c05\">\n    <div class=\"ue_item_vr_line\"><\/div>\n    <div class=\"ue_item_hr_line\"><\/div>\n    <div class=\"ue_item_icon\">\n      <i class='fas fa-rocket'><\/i>                 <\/div>\n    <div class=\"ue_item_spacer\"><\/div>\n    <div class=\"ue_item_content\">\n      <div class=\"ue_item_title\">2022<\/div>      <div class=\"ue_item_text\">AK-Centralen starts providing demand response and ancillary services via customers' equipment (Regulation Power).<\/div>    <\/div>\n  <\/div>\n<div class=\"ue_item elementor-repeater-item-8c758f7\">\n    <div class=\"ue_item_vr_line\"><\/div>\n    <div class=\"ue_item_hr_line\"><\/div>\n    <div class=\"ue_item_icon\">\n      <i class='fas fa-rocket'><\/i>                 <\/div>\n    <div class=\"ue_item_spacer\"><\/div>\n    <div class=\"ue_item_content\">\n      <div class=\"ue_item_title\">2025<\/div>      <div class=\"ue_item_text\">AK-Centralen serves over 2000 subscribers, nearly 40 employees and has documented annual electricity savings of over 45 GWH for its customers.<\/div>    <\/div>\n  <\/div>\n\n<\/div>\n\n<!-- -->\n<!-- end Timeline Bullets -->\t\t\t\t<\/div>\n\t\t\t\t<\/div>\n\t\t\t\t<\/div>\n\t\t\t\t\t<\/div>\n\t\t\t\t<\/div>\n\t\t\t\t<\/div>\n\t\t","protected":false},"excerpt":{"rendered":"<p>Who is AK-CENTRALEN? Since its founding in 1996, AK-Centralen has held the vision of ensuring that the grocery sector meets legal requirements for temperature quality\u2014while minimizing costs for service and energy for our customers. Through our experience-based management model, we create added value for our customers&#8217; equipment and chosen processes. At AK-Centralen, we continuously enhance &#8230; <a title=\"About us\" class=\"read-more\" href=\"https:\/\/ak-centralen.dk\/en\/about-us\/\" aria-label=\"Read more about About us\">Read more<\/a><\/p>\n","protected":false},"author":5,"featured_media":0,"parent":0,"menu_order":0,"comment_status":"closed","ping_status":"closed","template":"","meta":{"_acf_changed":false,"footnotes":""},"categories":[],"class_list":["post-9874","page","type-page","status-publish"],"acf":[],"yoast_head":"<!-- This site is optimized with the Yoast SEO plugin v27.4 - https:\/\/yoast.com\/product\/yoast-seo-wordpress\/ -->\n<title>About us | AK-CENTRALEN A\/S<\/title>\n<meta name=\"description\" content=\"Your partner in monitoring and energy optimization of refrigeration equipment in retail and industry. Through a sourcing model, we are the customer&#039;s impartial guarantor to avoid product loss and sour smiley faces 24\/7-365.\" \/>\n<meta name=\"robots\" content=\"index, follow, max-snippet:-1, max-image-preview:large, max-video-preview:-1\" \/>\n<link rel=\"canonical\" href=\"https:\/\/ak-centralen.dk\/en\/about-us\/\" \/>\n<meta property=\"og:locale\" content=\"en_US\" \/>\n<meta property=\"og:type\" content=\"article\" \/>\n<meta property=\"og:title\" content=\"About us | AK-CENTRALEN A\/S\" \/>\n<meta property=\"og:description\" content=\"Your partner in monitoring and energy optimization of refrigeration equipment in retail and industry. Through a sourcing model, we are the customer&#039;s impartial guarantor to avoid product loss and sour smiley faces 24\/7-365.\" \/>\n<meta property=\"og:url\" content=\"https:\/\/ak-centralen.dk\/en\/about-us\/\" \/>\n<meta property=\"og:site_name\" content=\"AK-CENTRALEN A\/S\" \/>\n<meta property=\"article:modified_time\" content=\"2025-09-05T10:55:48+00:00\" \/>\n<meta name=\"twitter:card\" content=\"summary_large_image\" \/>\n<meta name=\"twitter:label1\" content=\"Est. reading time\" \/>\n\t<meta name=\"twitter:data1\" content=\"2 minutes\" \/>\n<script type=\"application\/ld+json\" class=\"yoast-schema-graph\">{\"@context\":\"https:\\\/\\\/schema.org\",\"@graph\":[{\"@type\":\"WebPage\",\"@id\":\"https:\\\/\\\/ak-centralen.dk\\\/en\\\/about-us\\\/\",\"url\":\"https:\\\/\\\/ak-centralen.dk\\\/en\\\/about-us\\\/\",\"name\":\"About us | AK-CENTRALEN A\\\/S\",\"isPartOf\":{\"@id\":\"https:\\\/\\\/ak-centralen.dk\\\/#website\"},\"datePublished\":\"2024-09-03T12:59:38+00:00\",\"dateModified\":\"2025-09-05T10:55:48+00:00\",\"description\":\"Your partner in monitoring and energy optimization of refrigeration equipment in retail and industry. Through a sourcing model, we are the customer's impartial guarantor to avoid product loss and sour smiley faces 24\\\/7-365.\",\"breadcrumb\":{\"@id\":\"https:\\\/\\\/ak-centralen.dk\\\/en\\\/about-us\\\/#breadcrumb\"},\"inLanguage\":\"en-US\",\"potentialAction\":[{\"@type\":\"ReadAction\",\"target\":[\"https:\\\/\\\/ak-centralen.dk\\\/en\\\/about-us\\\/\"]}]},{\"@type\":\"BreadcrumbList\",\"@id\":\"https:\\\/\\\/ak-centralen.dk\\\/en\\\/about-us\\\/#breadcrumb\",\"itemListElement\":[{\"@type\":\"ListItem\",\"position\":1,\"name\":\"Forside\",\"item\":\"https:\\\/\\\/ak-centralen.dk\\\/\"},{\"@type\":\"ListItem\",\"position\":2,\"name\":\"About us\"}]},{\"@type\":\"WebSite\",\"@id\":\"https:\\\/\\\/ak-centralen.dk\\\/#website\",\"url\":\"https:\\\/\\\/ak-centralen.dk\\\/\",\"name\":\"AK-CENTRALEN A\\\/S\",\"description\":\"Energioptimering: K\u00f8lem\u00f8bler, fryserum og k\u00f8leteknik\",\"publisher\":{\"@id\":\"https:\\\/\\\/ak-centralen.dk\\\/#organization\"},\"potentialAction\":[{\"@type\":\"SearchAction\",\"target\":{\"@type\":\"EntryPoint\",\"urlTemplate\":\"https:\\\/\\\/ak-centralen.dk\\\/?s={search_term_string}\"},\"query-input\":{\"@type\":\"PropertyValueSpecification\",\"valueRequired\":true,\"valueName\":\"search_term_string\"}}],\"inLanguage\":\"en-US\"},{\"@type\":\"Organization\",\"@id\":\"https:\\\/\\\/ak-centralen.dk\\\/#organization\",\"name\":\"AK-CENTRALEN A\\\/S\",\"url\":\"https:\\\/\\\/ak-centralen.dk\\\/\",\"logo\":{\"@type\":\"ImageObject\",\"inLanguage\":\"en-US\",\"@id\":\"https:\\\/\\\/ak-centralen.dk\\\/#\\\/schema\\\/logo\\\/image\\\/\",\"url\":\"https:\\\/\\\/ak-centralen.dk\\\/wp-content\\\/uploads\\\/2024\\\/09\\\/ak-logo.svg\",\"contentUrl\":\"https:\\\/\\\/ak-centralen.dk\\\/wp-content\\\/uploads\\\/2024\\\/09\\\/ak-logo.svg\",\"width\":337,\"height\":37,\"caption\":\"AK-CENTRALEN A\\\/S\"},\"image\":{\"@id\":\"https:\\\/\\\/ak-centralen.dk\\\/#\\\/schema\\\/logo\\\/image\\\/\"}}]}<\/script>\n<!-- \/ Yoast SEO plugin. -->","yoast_head_json":{"title":"About us | AK-CENTRALEN A\/S","description":"Your partner in monitoring and energy optimization of refrigeration equipment in retail and industry. Through a sourcing model, we are the customer's impartial guarantor to avoid product loss and sour smiley faces 24\/7-365.","robots":{"index":"index","follow":"follow","max-snippet":"max-snippet:-1","max-image-preview":"max-image-preview:large","max-video-preview":"max-video-preview:-1"},"canonical":"https:\/\/ak-centralen.dk\/en\/about-us\/","og_locale":"en_US","og_type":"article","og_title":"About us | AK-CENTRALEN A\/S","og_description":"Your partner in monitoring and energy optimization of refrigeration equipment in retail and industry. Through a sourcing model, we are the customer's impartial guarantor to avoid product loss and sour smiley faces 24\/7-365.","og_url":"https:\/\/ak-centralen.dk\/en\/about-us\/","og_site_name":"AK-CENTRALEN A\/S","article_modified_time":"2025-09-05T10:55:48+00:00","twitter_card":"summary_large_image","twitter_misc":{"Est. reading time":"2 minutes"},"schema":{"@context":"https:\/\/schema.org","@graph":[{"@type":"WebPage","@id":"https:\/\/ak-centralen.dk\/en\/about-us\/","url":"https:\/\/ak-centralen.dk\/en\/about-us\/","name":"About us | AK-CENTRALEN A\/S","isPartOf":{"@id":"https:\/\/ak-centralen.dk\/#website"},"datePublished":"2024-09-03T12:59:38+00:00","dateModified":"2025-09-05T10:55:48+00:00","description":"Your partner in monitoring and energy optimization of refrigeration equipment in retail and industry. Through a sourcing model, we are the customer's impartial guarantor to avoid product loss and sour smiley faces 24\/7-365.","breadcrumb":{"@id":"https:\/\/ak-centralen.dk\/en\/about-us\/#breadcrumb"},"inLanguage":"en-US","potentialAction":[{"@type":"ReadAction","target":["https:\/\/ak-centralen.dk\/en\/about-us\/"]}]},{"@type":"BreadcrumbList","@id":"https:\/\/ak-centralen.dk\/en\/about-us\/#breadcrumb","itemListElement":[{"@type":"ListItem","position":1,"name":"Forside","item":"https:\/\/ak-centralen.dk\/"},{"@type":"ListItem","position":2,"name":"About us"}]},{"@type":"WebSite","@id":"https:\/\/ak-centralen.dk\/#website","url":"https:\/\/ak-centralen.dk\/","name":"AK-CENTRALEN A\/S","description":"Energioptimering: K\u00f8lem\u00f8bler, fryserum og k\u00f8leteknik","publisher":{"@id":"https:\/\/ak-centralen.dk\/#organization"},"potentialAction":[{"@type":"SearchAction","target":{"@type":"EntryPoint","urlTemplate":"https:\/\/ak-centralen.dk\/?s={search_term_string}"},"query-input":{"@type":"PropertyValueSpecification","valueRequired":true,"valueName":"search_term_string"}}],"inLanguage":"en-US"},{"@type":"Organization","@id":"https:\/\/ak-centralen.dk\/#organization","name":"AK-CENTRALEN A\/S","url":"https:\/\/ak-centralen.dk\/","logo":{"@type":"ImageObject","inLanguage":"en-US","@id":"https:\/\/ak-centralen.dk\/#\/schema\/logo\/image\/","url":"https:\/\/ak-centralen.dk\/wp-content\/uploads\/2024\/09\/ak-logo.svg","contentUrl":"https:\/\/ak-centralen.dk\/wp-content\/uploads\/2024\/09\/ak-logo.svg","width":337,"height":37,"caption":"AK-CENTRALEN A\/S"},"image":{"@id":"https:\/\/ak-centralen.dk\/#\/schema\/logo\/image\/"}}]}},"_links":{"self":[{"href":"https:\/\/ak-centralen.dk\/en\/wp-json\/wp\/v2\/pages\/9874","targetHints":{"allow":["GET"]}}],"collection":[{"href":"https:\/\/ak-centralen.dk\/en\/wp-json\/wp\/v2\/pages"}],"about":[{"href":"https:\/\/ak-centralen.dk\/en\/wp-json\/wp\/v2\/types\/page"}],"author":[{"embeddable":true,"href":"https:\/\/ak-centralen.dk\/en\/wp-json\/wp\/v2\/users\/5"}],"replies":[{"embeddable":true,"href":"https:\/\/ak-centralen.dk\/en\/wp-json\/wp\/v2\/comments?post=9874"}],"version-history":[{"count":7,"href":"https:\/\/ak-centralen.dk\/en\/wp-json\/wp\/v2\/pages\/9874\/revisions"}],"predecessor-version":[{"id":10375,"href":"https:\/\/ak-centralen.dk\/en\/wp-json\/wp\/v2\/pages\/9874\/revisions\/10375"}],"wp:attachment":[{"href":"https:\/\/ak-centralen.dk\/en\/wp-json\/wp\/v2\/media?parent=9874"}],"wp:term":[{"taxonomy":"category","embeddable":true,"href":"https:\/\/ak-centralen.dk\/en\/wp-json\/wp\/v2\/categories?post=9874"}],"curies":[{"name":"wp","href":"https:\/\/api.w.org\/{rel}","templated":true}]}}