{"id":9889,"date":"2020-02-12T13:11:38","date_gmt":"2020-02-12T12:11:38","guid":{"rendered":"https:\/\/ak-centralen.dk\/kontakta-oss\/"},"modified":"2025-06-19T12:40:29","modified_gmt":"2025-06-19T10:40:29","slug":"kontakta-oss","status":"publish","type":"page","link":"https:\/\/ak-centralen.dk\/sv\/kontakta-oss\/","title":{"rendered":"Kontakta oss"},"content":{"rendered":"\t\t<div data-elementor-type=\"wp-page\" data-elementor-id=\"9889\" class=\"elementor elementor-9889 elementor-61\" data-elementor-post-type=\"page\">\n\t\t\t\t<div class=\"elementor-element elementor-element-293c5c0b e-con-full no-padding e-flex e-con e-parent\" data-id=\"293c5c0b\" data-element_type=\"container\">\n\t\t\t\t<div class=\"elementor-element elementor-element-66c60a5f elementor-widget elementor-widget-shortcode\" data-id=\"66c60a5f\" data-element_type=\"widget\" data-widget_type=\"shortcode.default\">\n\t\t\t\t<div class=\"elementor-widget-container\">\n\t\t\t\t\t\t\t<div class=\"elementor-shortcode\">\t\t<div data-elementor-type=\"container\" data-elementor-id=\"9954\" class=\"elementor elementor-9954 elementor-6542\" data-elementor-post-type=\"elementor_library\">\n\t\t\t\t<div class=\"elementor-element elementor-element-2bc4b5ab white e-flex e-con-boxed e-con e-parent\" data-id=\"2bc4b5ab\" data-element_type=\"container\" data-settings=\"{&quot;background_background&quot;:&quot;classic&quot;}\">\n\t\t\t\t\t<div class=\"e-con-inner\">\n\t\t\t\t<div class=\"elementor-element elementor-element-76aa15a9 elementor-widget elementor-widget-text-editor\" data-id=\"76aa15a9\" data-element_type=\"widget\" data-widget_type=\"text-editor.default\">\n\t\t\t\t<div class=\"elementor-widget-container\">\n\t\t\t\t\t\t\t\t\tHar du n\u00e5gra fr\u00e5gor eller kommentarer? Kontakta oss idag f\u00f6r att f\u00e5 veta mer om vad vi kan g\u00f6ra f\u00f6r dig. \t\t\t\t\t\t\t\t<\/div>\n\t\t\t\t<\/div>\n\t\t\t\t<div class=\"elementor-element elementor-element-1d645c29 elementor-icon-list--layout-inline elementor-align-center elementor-list-item-link-full_width elementor-widget elementor-widget-icon-list\" data-id=\"1d645c29\" data-element_type=\"widget\" data-widget_type=\"icon-list.default\">\n\t\t\t\t<div class=\"elementor-widget-container\">\n\t\t\t\t\t\t\t<ul class=\"elementor-icon-list-items elementor-inline-items\">\n\t\t\t\t\t\t\t<li class=\"elementor-icon-list-item elementor-inline-item\">\n\t\t\t\t\t\t\t\t\t\t<span class=\"elementor-icon-list-text\"><a href=\"tel:+45 66 17 42 03\">+45 66 17 42 03<\/a><\/span>\n\t\t\t\t\t\t\t\t\t<\/li>\n\t\t\t\t\t\t\t\t<li class=\"elementor-icon-list-item elementor-inline-item\">\n\t\t\t\t\t\t\t\t\t\t<span class=\"elementor-icon-list-text\"><a href=\"mailto:akc@ak-centralen.dk\">akc@ak-centralen.dk<\/a><\/span>\n\t\t\t\t\t\t\t\t\t<\/li>\n\t\t\t\t\t\t<\/ul>\n\t\t\t\t\t\t<\/div>\n\t\t\t\t<\/div>\n\t\t\t\t\t<\/div>\n\t\t\t\t<\/div>\n\t\t\t\t<\/div>\n\t\t<\/div>\n\t\t\t\t\t\t<\/div>\n\t\t\t\t<\/div>\n\t\t\t\t<\/div>\n\t\t<div class=\"elementor-element elementor-element-372925bc e-flex e-con-boxed e-con e-parent\" data-id=\"372925bc\" data-element_type=\"container\" data-settings=\"{&quot;background_background&quot;:&quot;classic&quot;}\">\n\t\t\t\t\t<div class=\"e-con-inner\">\n\t\t<div class=\"elementor-element elementor-element-1a144c8f e-con-full e-flex e-con e-child\" data-id=\"1a144c8f\" data-element_type=\"container\">\n\t\t\t\t<div class=\"elementor-element elementor-element-2a00971 elementor-widget__width-initial elementor-widget elementor-widget-text-editor\" data-id=\"2a00971\" data-element_type=\"widget\" data-widget_type=\"text-editor.default\">\n\t\t\t\t<div class=\"elementor-widget-container\">\n\t\t\t\t\t\t\t\t\t<h3 style=\"text-align: center;\">Direktorat<\/h3><p style=\"text-align: center;\"> <\/p>\t\t\t\t\t\t\t\t<\/div>\n\t\t\t\t<\/div>\n\t\t\t\t<\/div>\n\t\t<div class=\"elementor-element elementor-element-2474eb4f e-con-full e-flex e-con e-child\" data-id=\"2474eb4f\" data-element_type=\"container\">\n\t\t\t\t<div class=\"elementor-element elementor-element-3e82fe9 dark elementor-widget elementor-widget-text-editor\" data-id=\"3e82fe9\" data-element_type=\"widget\" data-widget_type=\"text-editor.default\">\n\t\t\t\t<div class=\"elementor-widget-container\">\n\t\t\t\t\t\t\t\t\t<p><b>VD:<br><\/b>Direkt\u00f6r<br>Rasmus G\u00f8ttsch<br>Direkttelefon: +45 82 200 503<br>E-post: <a href=\"mailto:rg@ak-centralen.dk\" target=\"_blank\" rel=\"noopener\">rg@ak-centralen.dk<\/a><\/p>\t\t\t\t\t\t\t\t<\/div>\n\t\t\t\t<\/div>\n\t\t\t\t<\/div>\n\t\t<div class=\"elementor-element elementor-element-78fbc94 e-con-full e-flex e-con e-child\" data-id=\"78fbc94\" data-element_type=\"container\">\n\t\t\t\t<div class=\"elementor-element elementor-element-64b40cb dark elementor-widget elementor-widget-text-editor\" data-id=\"64b40cb\" data-element_type=\"widget\" data-widget_type=\"text-editor.default\">\n\t\t\t\t<div class=\"elementor-widget-container\">\n\t\t\t\t\t\t\t\t\t<p><b>COO:<\/b><br>Produktion<br>Morten G\u00f8ttsch<br>Direkttelefon: +45 82 200 522<br>E-post <a href=\"mailto:mg@ak-centralen.dk\" target=\"_blank\" rel=\"noopener\">mg@ak-centralen.dk<\/a><\/p>\t\t\t\t\t\t\t\t<\/div>\n\t\t\t\t<\/div>\n\t\t\t\t<\/div>\n\t\t<div class=\"elementor-element elementor-element-47feb5a6 e-con-full e-flex e-con e-child\" data-id=\"47feb5a6\" data-element_type=\"container\">\n\t\t\t\t<div class=\"elementor-element elementor-element-604b54c dark elementor-widget elementor-widget-text-editor\" data-id=\"604b54c\" data-element_type=\"widget\" data-widget_type=\"text-editor.default\">\n\t\t\t\t<div class=\"elementor-widget-container\">\n\t\t\t\t\t\t\t\t\t<p><strong>CFO<\/strong>:<br>Ekonomi och juridik<br>Jakob G\u00f8ttsch<br>Direkttelefon: +45 82 200 510<br>E-post: <a href=\"mailto:jg@ak-centralen.dk\" target=\"_blank\" rel=\"noopener\">jg@ak-centralen.dk<\/a><\/p>\t\t\t\t\t\t\t\t<\/div>\n\t\t\t\t<\/div>\n\t\t\t\t<\/div>\n\t\t\t\t\t<\/div>\n\t\t\t\t<\/div>\n\t\t<div class=\"elementor-element elementor-element-2ebb53e light e-flex e-con-boxed e-con e-parent\" data-id=\"2ebb53e\" data-element_type=\"container\" data-settings=\"{&quot;background_background&quot;:&quot;classic&quot;}\">\n\t\t\t\t\t<div class=\"e-con-inner\">\n\t\t<div class=\"elementor-element elementor-element-8739199 e-con-full e-flex e-con e-child\" data-id=\"8739199\" data-element_type=\"container\">\n\t\t\t\t<div class=\"elementor-element elementor-element-c937eec elementor-widget__width-initial elementor-widget elementor-widget-text-editor\" data-id=\"c937eec\" data-element_type=\"widget\" data-widget_type=\"text-editor.default\">\n\t\t\t\t<div class=\"elementor-widget-container\">\n\t\t\t\t\t\t\t\t\t<h3 style=\"text-align: center;\">AK-Centralen Danmark<\/h3><p style=\"text-align: center;\"> <\/p>\t\t\t\t\t\t\t\t<\/div>\n\t\t\t\t<\/div>\n\t\t\t\t<\/div>\n\t\t<div class=\"elementor-element elementor-element-489ff60 e-con-full dark e-flex e-con e-child\" data-id=\"489ff60\" data-element_type=\"container\">\n\t\t\t\t<div class=\"elementor-element elementor-element-57c7c892 elementor-widget elementor-widget-text-editor\" data-id=\"57c7c892\" data-element_type=\"widget\" data-widget_type=\"text-editor.default\">\n\t\t\t\t<div class=\"elementor-widget-container\">\n\t\t\t\t\t\t\t\t\t<h3>V\u00e5ra kontaktuppgifter<\/h3>\n<p>AK-Centralen A\/S<br>Holkebjergvej 71<br>DK-5250 Odense SV<br>Telefon: <a href=\"tel:66174203\">+45 66 174 203<\/a><br>E-post: <a href=\"mailto:akc@ak-centralen.dk\">akc@ak-centralen.dk<\/a><\/p>\n<p>CVR: 27611877<br>Danske Bank: 4366 3362536081<br>IBAN: 2430003362536081 <\/p>\n<h5>\u00d6ppeth\u00e5llningstider:<\/h5>\n<p>24 timmar om dygnet<br>7 dagar i veckan<br>365 dagar om \u00e5ret<\/p><p><br><\/p><p><br><\/p>\t\t\t\t\t\t\t\t<\/div>\n\t\t\t\t<\/div>\n\t\t\t\t<\/div>\n\t\t<div class=\"elementor-element elementor-element-d0055a5 e-con-full e-flex e-con e-child\" data-id=\"d0055a5\" data-element_type=\"container\">\n\t\t\t\t<div class=\"elementor-element elementor-element-639a2097 elementor-widget elementor-widget-google_maps\" data-id=\"639a2097\" data-element_type=\"widget\" data-widget_type=\"google_maps.default\">\n\t\t\t\t<div class=\"elementor-widget-container\">\n\t\t\t\t\t\t\t<div class=\"elementor-custom-embed\">\n\t\t\t<iframe loading=\"lazy\"\n\t\t\t\t\tsrc=\"https:\/\/maps.google.com\/maps?q=Holkebjergvej%2071%20DK-5250%20Odense%20SV&#038;t=m&#038;z=10&#038;output=embed&#038;iwloc=near\"\n\t\t\t\t\ttitle=\"Holkebjergvej 71 DK-5250 Odense SV\"\n\t\t\t\t\taria-label=\"Holkebjergvej 71 DK-5250 Odense SV\"\n\t\t\t><\/iframe>\n\t\t<\/div>\n\t\t\t\t\t\t<\/div>\n\t\t\t\t<\/div>\n\t\t\t\t<\/div>\n\t\t\t\t\t<\/div>\n\t\t\t\t<\/div>\n\t\t<div class=\"elementor-element elementor-element-cdf8518 e-flex e-con-boxed e-con e-parent\" data-id=\"cdf8518\" data-element_type=\"container\" data-settings=\"{&quot;background_background&quot;:&quot;classic&quot;}\">\n\t\t\t\t\t<div class=\"e-con-inner\">\n\t\t<div class=\"elementor-element elementor-element-b66306f e-con-full e-flex e-con e-child\" data-id=\"b66306f\" data-element_type=\"container\">\n\t\t\t\t<div class=\"elementor-element elementor-element-bae7ef8 elementor-widget__width-initial elementor-widget elementor-widget-text-editor\" data-id=\"bae7ef8\" data-element_type=\"widget\" data-widget_type=\"text-editor.default\">\n\t\t\t\t<div class=\"elementor-widget-container\">\n\t\t\t\t\t\t\t\t\t<h3 style=\"text-align: center;\">AK-Centralen Sverige<\/h3><p style=\"text-align: center;\"> <\/p>\t\t\t\t\t\t\t\t<\/div>\n\t\t\t\t<\/div>\n\t\t\t\t<\/div>\n\t\t<div class=\"elementor-element elementor-element-28c3c04 e-con-full dark e-flex e-con e-child\" data-id=\"28c3c04\" data-element_type=\"container\">\n\t\t\t\t<div class=\"elementor-element elementor-element-90b6400 dark elementor-widget elementor-widget-text-editor\" data-id=\"90b6400\" data-element_type=\"widget\" data-widget_type=\"text-editor.default\">\n\t\t\t\t<div class=\"elementor-widget-container\">\n\t\t\t\t\t\t\t\t\t<p><strong>AK-Centralen AB<\/strong><br>Datav\u00e4gen 14B<br>436 32 Askim<br>G\u00f6teborg<br>Telefon: +46 (0) 31 3108 800<br>E-post: <a href=\"mailto:akc@ak-centralen.se\">akc@ak-centralen.se<\/a><\/p><p>Org. nr: 556940-8122<br>Danske Bank:<br>1220-1220-01-45292<br>IBAN: SE91 1200 0000 0000 0122 0014 5292<br>BIC: DABASESX<br>Bankgiro: 508-1260<\/p><h5>\u00d6ppeth\u00e5llningstider:<\/h5><p>24 timmar om dygnet<br>7 dagar i veckan<br>365 dagar om \u00e5ret<\/p>\t\t\t\t\t\t\t\t<\/div>\n\t\t\t\t<\/div>\n\t\t\t\t<\/div>\n\t\t<div class=\"elementor-element elementor-element-392a090 e-con-full e-flex e-con e-child\" data-id=\"392a090\" data-element_type=\"container\">\n\t\t\t\t<div class=\"elementor-element elementor-element-e2eb9e9 elementor-widget elementor-widget-text-editor\" data-id=\"e2eb9e9\" data-element_type=\"widget\" data-widget_type=\"text-editor.default\">\n\t\t\t\t<div class=\"elementor-widget-container\">\n\t\t\t\t\t\t\t\t\t<p><strong>Tj\u00e4nstg\u00f6rande chef:<\/strong><br>Anders T\u00e5nghag<br>Direkttelefon: +46 (0) 31 3108 805<br>E-post: <a href=\"mailto:at@ak-centralen.se\">at@ak-centralen.se<\/a><\/p>\t\t\t\t\t\t\t\t<\/div>\n\t\t\t\t<\/div>\n\t\t\t\t<div class=\"elementor-element elementor-element-963a4c9 elementor-widget elementor-widget-google_maps\" data-id=\"963a4c9\" data-element_type=\"widget\" data-widget_type=\"google_maps.default\">\n\t\t\t\t<div class=\"elementor-widget-container\">\n\t\t\t\t\t\t\t<div class=\"elementor-custom-embed\">\n\t\t\t<iframe loading=\"lazy\"\n\t\t\t\t\tsrc=\"https:\/\/maps.google.com\/maps?q=Datav%C3%A4gen%2014B%20436%2032%20Askim&#038;t=m&#038;z=10&#038;output=embed&#038;iwloc=near\"\n\t\t\t\t\ttitle=\"Datav\u00e4gen 14B 436 32 Askim\"\n\t\t\t\t\taria-label=\"Datav\u00e4gen 14B 436 32 Askim\"\n\t\t\t><\/iframe>\n\t\t<\/div>\n\t\t\t\t\t\t<\/div>\n\t\t\t\t<\/div>\n\t\t\t\t<\/div>\n\t\t\t\t\t<\/div>\n\t\t\t\t<\/div>\n\t\t\t\t<\/div>\n\t\t","protected":false},"excerpt":{"rendered":"<p>Har du n\u00e5gra fr\u00e5gor eller kommentarer? Kontakta oss idag f\u00f6r att f\u00e5 veta mer om vad vi kan g\u00f6ra f\u00f6r dig. <\/p>\n","protected":false},"author":1,"featured_media":9781,"parent":0,"menu_order":0,"comment_status":"closed","ping_status":"closed","template":"","meta":{"_acf_changed":false,"footnotes":""},"categories":[],"class_list":["post-9889","page","type-page","status-publish","has-post-thumbnail"],"acf":[],"yoast_head":"<!-- This site is optimized with the Yoast SEO plugin v27.4 - https:\/\/yoast.com\/product\/yoast-seo-wordpress\/ -->\n<title>Kontakta oss | AK-CENTRALEN A\/S<\/title>\n<meta name=\"robots\" content=\"index, follow, max-snippet:-1, max-image-preview:large, max-video-preview:-1\" \/>\n<link rel=\"canonical\" href=\"https:\/\/ak-centralen.dk\/sv\/kontakta-oss\/\" \/>\n<meta property=\"og:locale\" content=\"sv_SE\" \/>\n<meta property=\"og:type\" content=\"article\" \/>\n<meta property=\"og:title\" content=\"Kontakta oss | AK-CENTRALEN A\/S\" \/>\n<meta property=\"og:description\" content=\"Har du n\u00e5gra fr\u00e5gor eller kommentarer? Kontakta oss idag f\u00f6r att f\u00e5 veta mer om vad vi kan g\u00f6ra f\u00f6r dig.\" \/>\n<meta property=\"og:url\" content=\"https:\/\/ak-centralen.dk\/sv\/kontakta-oss\/\" \/>\n<meta property=\"og:site_name\" content=\"AK-CENTRALEN A\/S\" \/>\n<meta property=\"article:modified_time\" content=\"2025-06-19T10:40:29+00:00\" \/>\n<meta property=\"og:image\" content=\"https:\/\/ak-centralen.dk\/wp-content\/uploads\/2024\/09\/GettyImages-1954841243-scaled.jpg\" \/>\n\t<meta property=\"og:image:width\" content=\"2048\" \/>\n\t<meta property=\"og:image:height\" content=\"1193\" \/>\n\t<meta property=\"og:image:type\" content=\"image\/jpeg\" \/>\n<meta name=\"twitter:card\" content=\"summary_large_image\" \/>\n<meta name=\"twitter:label1\" content=\"Ber\u00e4knad l\u00e4stid\" \/>\n\t<meta name=\"twitter:data1\" content=\"1 minut\" \/>\n<script type=\"application\/ld+json\" class=\"yoast-schema-graph\">{\"@context\":\"https:\\\/\\\/schema.org\",\"@graph\":[{\"@type\":\"WebPage\",\"@id\":\"https:\\\/\\\/ak-centralen.dk\\\/sv\\\/kontakta-oss\\\/\",\"url\":\"https:\\\/\\\/ak-centralen.dk\\\/sv\\\/kontakta-oss\\\/\",\"name\":\"Kontakta oss | AK-CENTRALEN A\\\/S\",\"isPartOf\":{\"@id\":\"https:\\\/\\\/ak-centralen.dk\\\/#website\"},\"primaryImageOfPage\":{\"@id\":\"https:\\\/\\\/ak-centralen.dk\\\/sv\\\/kontakta-oss\\\/#primaryimage\"},\"image\":{\"@id\":\"https:\\\/\\\/ak-centralen.dk\\\/sv\\\/kontakta-oss\\\/#primaryimage\"},\"thumbnailUrl\":\"https:\\\/\\\/ak-centralen.dk\\\/wp-content\\\/uploads\\\/2024\\\/09\\\/GettyImages-1954841243-scaled.jpg\",\"datePublished\":\"2020-02-12T12:11:38+00:00\",\"dateModified\":\"2025-06-19T10:40:29+00:00\",\"breadcrumb\":{\"@id\":\"https:\\\/\\\/ak-centralen.dk\\\/sv\\\/kontakta-oss\\\/#breadcrumb\"},\"inLanguage\":\"sv-SE\",\"potentialAction\":[{\"@type\":\"ReadAction\",\"target\":[\"https:\\\/\\\/ak-centralen.dk\\\/sv\\\/kontakta-oss\\\/\"]}]},{\"@type\":\"ImageObject\",\"inLanguage\":\"sv-SE\",\"@id\":\"https:\\\/\\\/ak-centralen.dk\\\/sv\\\/kontakta-oss\\\/#primaryimage\",\"url\":\"https:\\\/\\\/ak-centralen.dk\\\/wp-content\\\/uploads\\\/2024\\\/09\\\/GettyImages-1954841243-scaled.jpg\",\"contentUrl\":\"https:\\\/\\\/ak-centralen.dk\\\/wp-content\\\/uploads\\\/2024\\\/09\\\/GettyImages-1954841243-scaled.jpg\",\"width\":2048,\"height\":1193,\"caption\":\"Data chart graph financial analysis and statistics abstract modern 3D background.\"},{\"@type\":\"BreadcrumbList\",\"@id\":\"https:\\\/\\\/ak-centralen.dk\\\/sv\\\/kontakta-oss\\\/#breadcrumb\",\"itemListElement\":[{\"@type\":\"ListItem\",\"position\":1,\"name\":\"Hemsidan\",\"item\":\"https:\\\/\\\/ak-centralen.dk\\\/en\\\/\"},{\"@type\":\"ListItem\",\"position\":2,\"name\":\"Kontakta oss\"}]},{\"@type\":\"WebSite\",\"@id\":\"https:\\\/\\\/ak-centralen.dk\\\/#website\",\"url\":\"https:\\\/\\\/ak-centralen.dk\\\/\",\"name\":\"AK-CENTRALEN A\\\/S\",\"description\":\"Energioptimering: K\u00f8lem\u00f8bler, fryserum och k\u00f8leteknik\",\"publisher\":{\"@id\":\"https:\\\/\\\/ak-centralen.dk\\\/#organization\"},\"potentialAction\":[{\"@type\":\"SearchAction\",\"target\":{\"@type\":\"EntryPoint\",\"urlTemplate\":\"https:\\\/\\\/ak-centralen.dk\\\/?s={search_term_string}\"},\"query-input\":{\"@type\":\"PropertyValueSpecification\",\"valueRequired\":true,\"valueName\":\"search_term_string\"}}],\"inLanguage\":\"sv-SE\"},{\"@type\":\"Organization\",\"@id\":\"https:\\\/\\\/ak-centralen.dk\\\/#organization\",\"name\":\"AK-CENTRALEN A\\\/S\",\"url\":\"https:\\\/\\\/ak-centralen.dk\\\/\",\"logo\":{\"@type\":\"ImageObject\",\"inLanguage\":\"sv-SE\",\"@id\":\"https:\\\/\\\/ak-centralen.dk\\\/#\\\/schema\\\/logo\\\/image\\\/\",\"url\":\"https:\\\/\\\/ak-centralen.dk\\\/wp-content\\\/uploads\\\/2024\\\/09\\\/ak-logo.svg\",\"contentUrl\":\"https:\\\/\\\/ak-centralen.dk\\\/wp-content\\\/uploads\\\/2024\\\/09\\\/ak-logo.svg\",\"width\":337,\"height\":37,\"caption\":\"AK-CENTRALEN A\\\/S\"},\"image\":{\"@id\":\"https:\\\/\\\/ak-centralen.dk\\\/#\\\/schema\\\/logo\\\/image\\\/\"}}]}<\/script>\n<!-- \/ Yoast SEO plugin. -->","yoast_head_json":{"title":"Kontakta oss | AK-CENTRALEN A\/S","robots":{"index":"index","follow":"follow","max-snippet":"max-snippet:-1","max-image-preview":"max-image-preview:large","max-video-preview":"max-video-preview:-1"},"canonical":"https:\/\/ak-centralen.dk\/sv\/kontakta-oss\/","og_locale":"sv_SE","og_type":"article","og_title":"Kontakta oss | AK-CENTRALEN A\/S","og_description":"Har du n\u00e5gra fr\u00e5gor eller kommentarer? Kontakta oss idag f\u00f6r att f\u00e5 veta mer om vad vi kan g\u00f6ra f\u00f6r dig.","og_url":"https:\/\/ak-centralen.dk\/sv\/kontakta-oss\/","og_site_name":"AK-CENTRALEN A\/S","article_modified_time":"2025-06-19T10:40:29+00:00","og_image":[{"width":2048,"height":1193,"url":"https:\/\/ak-centralen.dk\/wp-content\/uploads\/2024\/09\/GettyImages-1954841243-scaled.jpg","type":"image\/jpeg"}],"twitter_card":"summary_large_image","twitter_misc":{"Ber\u00e4knad l\u00e4stid":"1 minut"},"schema":{"@context":"https:\/\/schema.org","@graph":[{"@type":"WebPage","@id":"https:\/\/ak-centralen.dk\/sv\/kontakta-oss\/","url":"https:\/\/ak-centralen.dk\/sv\/kontakta-oss\/","name":"Kontakta oss | AK-CENTRALEN A\/S","isPartOf":{"@id":"https:\/\/ak-centralen.dk\/#website"},"primaryImageOfPage":{"@id":"https:\/\/ak-centralen.dk\/sv\/kontakta-oss\/#primaryimage"},"image":{"@id":"https:\/\/ak-centralen.dk\/sv\/kontakta-oss\/#primaryimage"},"thumbnailUrl":"https:\/\/ak-centralen.dk\/wp-content\/uploads\/2024\/09\/GettyImages-1954841243-scaled.jpg","datePublished":"2020-02-12T12:11:38+00:00","dateModified":"2025-06-19T10:40:29+00:00","breadcrumb":{"@id":"https:\/\/ak-centralen.dk\/sv\/kontakta-oss\/#breadcrumb"},"inLanguage":"sv-SE","potentialAction":[{"@type":"ReadAction","target":["https:\/\/ak-centralen.dk\/sv\/kontakta-oss\/"]}]},{"@type":"ImageObject","inLanguage":"sv-SE","@id":"https:\/\/ak-centralen.dk\/sv\/kontakta-oss\/#primaryimage","url":"https:\/\/ak-centralen.dk\/wp-content\/uploads\/2024\/09\/GettyImages-1954841243-scaled.jpg","contentUrl":"https:\/\/ak-centralen.dk\/wp-content\/uploads\/2024\/09\/GettyImages-1954841243-scaled.jpg","width":2048,"height":1193,"caption":"Data chart graph financial analysis and statistics abstract modern 3D background."},{"@type":"BreadcrumbList","@id":"https:\/\/ak-centralen.dk\/sv\/kontakta-oss\/#breadcrumb","itemListElement":[{"@type":"ListItem","position":1,"name":"Hemsidan","item":"https:\/\/ak-centralen.dk\/en\/"},{"@type":"ListItem","position":2,"name":"Kontakta oss"}]},{"@type":"WebSite","@id":"https:\/\/ak-centralen.dk\/#website","url":"https:\/\/ak-centralen.dk\/","name":"AK-CENTRALEN A\/S","description":"Energioptimering: K\u00f8lem\u00f8bler, fryserum och k\u00f8leteknik","publisher":{"@id":"https:\/\/ak-centralen.dk\/#organization"},"potentialAction":[{"@type":"SearchAction","target":{"@type":"EntryPoint","urlTemplate":"https:\/\/ak-centralen.dk\/?s={search_term_string}"},"query-input":{"@type":"PropertyValueSpecification","valueRequired":true,"valueName":"search_term_string"}}],"inLanguage":"sv-SE"},{"@type":"Organization","@id":"https:\/\/ak-centralen.dk\/#organization","name":"AK-CENTRALEN A\/S","url":"https:\/\/ak-centralen.dk\/","logo":{"@type":"ImageObject","inLanguage":"sv-SE","@id":"https:\/\/ak-centralen.dk\/#\/schema\/logo\/image\/","url":"https:\/\/ak-centralen.dk\/wp-content\/uploads\/2024\/09\/ak-logo.svg","contentUrl":"https:\/\/ak-centralen.dk\/wp-content\/uploads\/2024\/09\/ak-logo.svg","width":337,"height":37,"caption":"AK-CENTRALEN A\/S"},"image":{"@id":"https:\/\/ak-centralen.dk\/#\/schema\/logo\/image\/"}}]}},"_links":{"self":[{"href":"https:\/\/ak-centralen.dk\/sv\/wp-json\/wp\/v2\/pages\/9889","targetHints":{"allow":["GET"]}}],"collection":[{"href":"https:\/\/ak-centralen.dk\/sv\/wp-json\/wp\/v2\/pages"}],"about":[{"href":"https:\/\/ak-centralen.dk\/sv\/wp-json\/wp\/v2\/types\/page"}],"author":[{"embeddable":true,"href":"https:\/\/ak-centralen.dk\/sv\/wp-json\/wp\/v2\/users\/1"}],"replies":[{"embeddable":true,"href":"https:\/\/ak-centralen.dk\/sv\/wp-json\/wp\/v2\/comments?post=9889"}],"version-history":[{"count":1,"href":"https:\/\/ak-centralen.dk\/sv\/wp-json\/wp\/v2\/pages\/9889\/revisions"}],"predecessor-version":[{"id":9891,"href":"https:\/\/ak-centralen.dk\/sv\/wp-json\/wp\/v2\/pages\/9889\/revisions\/9891"}],"wp:featuredmedia":[{"embeddable":true,"href":"https:\/\/ak-centralen.dk\/sv\/wp-json\/wp\/v2\/media\/9781"}],"wp:attachment":[{"href":"https:\/\/ak-centralen.dk\/sv\/wp-json\/wp\/v2\/media?parent=9889"}],"wp:term":[{"taxonomy":"category","embeddable":true,"href":"https:\/\/ak-centralen.dk\/sv\/wp-json\/wp\/v2\/categories?post=9889"}],"curies":[{"name":"wp","href":"https:\/\/api.w.org\/{rel}","templated":true}]}}